{"id":1651,"date":"2023-12-23T19:45:06","date_gmt":"2023-12-23T19:45:06","guid":{"rendered":"https:\/\/polskaszkolaaromaterapii.pl\/?page_id=1651"},"modified":"2023-12-23T20:25:08","modified_gmt":"2023-12-23T20:25:08","slug":"program-partnerski","status":"publish","type":"page","link":"https:\/\/polskaszkolaaromaterapii.pl\/index.php\/program-partnerski\/","title":{"rendered":"Program partnerski"},"content":{"rendered":"\t\t<div data-elementor-type=\"wp-page\" data-elementor-id=\"1651\" class=\"elementor elementor-1651\">\n\t\t\t\t<div class=\"elementor-element elementor-element-0440faf e-flex e-con-boxed e-con e-parent\" data-id=\"0440faf\" data-element_type=\"container\" data-e-type=\"container\">\n\t\t\t\t\t<div class=\"e-con-inner\">\n\t\t\t\t<div class=\"elementor-element elementor-element-7971abc elementor-widget elementor-widget-heading\" data-id=\"7971abc\" data-element_type=\"widget\" data-e-type=\"widget\" data-widget_type=\"heading.default\">\n\t\t\t\t<div class=\"elementor-widget-container\">\n\t\t\t\t\t<h2 class=\"elementor-heading-title elementor-size-default\">Kupujesz - Zyskujesz - Wspierasz<\/h2>\t\t\t\t<\/div>\n\t\t\t\t<\/div>\n\t\t\t\t\t<\/div>\n\t\t\t\t<\/div>\n\t\t<div class=\"elementor-element elementor-element-c2bd04b e-flex e-con-boxed e-con e-parent\" data-id=\"c2bd04b\" data-element_type=\"container\" data-e-type=\"container\">\n\t\t\t\t\t<div class=\"e-con-inner\">\n\t\t\t\t<div class=\"elementor-element elementor-element-a689934 elementor-widget elementor-widget-text-editor\" data-id=\"a689934\" data-element_type=\"widget\" data-e-type=\"widget\" data-widget_type=\"text-editor.default\">\n\t\t\t\t<div class=\"elementor-widget-container\">\n\t\t\t\t\t\t\t\t\t<p>Zarabiaj wi\u0119cej dzi\u0119ki programowi afiliacyjnemu B2B!<\/p><p>Czy marzysz o tym, aby zarobi\u0107 pieni\u0105dze nawet bez wychodzenia z domu? Je\u015bli tak, to mamy dla Ciebie idealne rozwi\u0105zanie! Zach\u0119camy do udzia\u0142u w naszym programie afiliacyjnym B2B, kt\u00f3ry pozwoli Ci zarabia\u0107 prowizj\u0119 nawet 10% za promowanie naszych produkt\u00f3w i us\u0142ug.<\/p><p>Dlaczego warto do nas do\u0142\u0105czy\u0107? Ot\u00f3\u017c, nasz program afiliacyjny B2B zosta\u0142 stworzony z my\u015bl\u0105 o osobach, kt\u00f3re chcia\u0142yby czerpa\u0107 dodatkowe korzy\u015bci finansowe, maj\u0105c jednocze\u015bnie dost\u0119p do szerokiej gamy produkt\u00f3w i us\u0142ug. W jaki spos\u00f3b to dzia\u0142a? Bardzo prosto!<\/p><p>Po pierwsze, jako partner programu afiliacyjnego B2B, otrzymasz unikalne linki, kt\u00f3re b\u0119dziesz m\u00f3g\u0142 umieszcza\u0107 na swojej stronie internetowej, blogu, w e-mailach lub w mediach spo\u0142eczno\u015bciowych.<\/p><p>Twoim zadaniem b\u0119dzie przekazywanie naszym potencjalnym klientom informacji o naszych produktach i us\u0142ugach, zach\u0119caj\u0105c ich do zakupu.<\/p><p>A teraz najwa\u017cniejsze \u2013 jak zarabia\u0107 pieni\u0105dze? Za ka\u017cdy zakup dokonany przez klienta, kt\u00f3ry przeszed\u0142 przez Tw\u00f3j unikalny link, otrzymasz prowizj\u0119 w wysoko\u015bci nawet 10%.<\/p><p>To oznacza, \u017ce im wi\u0119cej os\u00f3b skorzysta z Twojego linku i kupi nasze produkty lub us\u0142ugi, tym wi\u0119ksze b\u0119d\u0105 Twoje zarobki!<\/p><p>Ale to nie wszystko, co mamy dla Ciebie!<\/p><p>Chcemy r\u00f3wnie\u017c nagrodzi\u0107 osoby, kt\u00f3re skorzystaj\u0105 z Twojego linku i dokonaj\u0105 zakupu. Dlatego ka\u017cdy kupuj\u0105cy otrzyma 10% rabatu na nasze produkty lub us\u0142ugi. To nie tylko zach\u0119ta dla potencjalnych klient\u00f3w, ale r\u00f3wnie\u017c dodatkowy bodziec dla Ciebie, aby promowa\u0107 nasz\u0105 ofert\u0119.<\/p><p><br \/>Pami\u0119taj, \u017ce nie potrzebujesz \u017cadnego do\u015bwiadczenia w obszarze marketingu afiliacyjnego, aby do\u0142\u0105czy\u0107 do naszego programu.<\/p><p>Oferujemy Ci pe\u0142ne wsparcie i narz\u0119dzia, kt\u00f3re u\u0142atwi\u0105 Ci promocj\u0119 naszych produkt\u00f3w i us\u0142ug. Mo\u017cesz by\u0107 pewien, \u017ce nasz zesp\u00f3\u0142 ci\u0105gle b\u0119dzie pracowa\u0142 nad doskonaleniem oferty, dostarczaj\u0105c Ci atrakcyjne tre\u015bci reklamowe i materia\u0142y promocyjne.<\/p><p>Dlaczego czeka\u0107 d\u0142u\u017cej? Do\u0142\u0105cz ju\u017c teraz do naszego programu afiliacyjnego B2B i zacznij zarabia\u0107 pieni\u0105dze bez wychodzenia z domu! Nie zapomnij, \u017ce oferujemy prowizj\u0119 10% i 10% rabatu dla kupuj\u0105cego.<\/p><p>Dowiedz si\u0119 wi\u0119cej si\u0119 ju\u017c dzisiaj i zacznij czerpa\u0107 korzy\u015bci z naszej wsp\u00f3\u0142pracy!<\/p><p>tel. 0048 609108408<\/p><p>e-mail: kontakt@polskaszkolaaromaterapii.pl<\/p>\t\t\t\t\t\t\t\t<\/div>\n\t\t\t\t<\/div>\n\t\t\t\t\t<\/div>\n\t\t\t\t<\/div>\n\t\t\t\t<\/div>\n\t\t","protected":false},"excerpt":{"rendered":"<p>Kupujesz &#8211; Zyskujesz &#8211; Wspierasz Zarabiaj wi\u0119cej dzi\u0119ki programowi afiliacyjnemu B2B! Czy marzysz o tym, aby zarobi\u0107 pieni\u0105dze nawet bez [&hellip;]<\/p>\n","protected":false},"author":1,"featured_media":0,"parent":0,"menu_order":0,"comment_status":"closed","ping_status":"closed","template":"","meta":{"footnotes":""},"class_list":["post-1651","page","type-page","status-publish","hentry"],"yoast_head":"<!-- This site is optimized with the Yoast SEO plugin v27.4 - https:\/\/yoast.com\/product\/yoast-seo-wordpress\/ -->\n<title>Program partnerski - Polska Szko\u0142a Aromaterapii<\/title>\n<meta name=\"robots\" content=\"index, follow, max-snippet:-1, max-image-preview:large, max-video-preview:-1\" \/>\n<link rel=\"canonical\" href=\"https:\/\/polskaszkolaaromaterapii.pl\/index.php\/program-partnerski\/\" \/>\n<meta property=\"og:locale\" content=\"pl_PL\" \/>\n<meta property=\"og:type\" content=\"article\" \/>\n<meta property=\"og:title\" content=\"Program partnerski - Polska Szko\u0142a Aromaterapii\" \/>\n<meta property=\"og:description\" content=\"Kupujesz &#8211; Zyskujesz &#8211; Wspierasz Zarabiaj wi\u0119cej dzi\u0119ki programowi afiliacyjnemu B2B! Czy marzysz o tym, aby zarobi\u0107 pieni\u0105dze nawet bez [&hellip;]\" \/>\n<meta property=\"og:url\" content=\"https:\/\/polskaszkolaaromaterapii.pl\/index.php\/program-partnerski\/\" \/>\n<meta property=\"og:site_name\" content=\"Polska Szko\u0142a Aromaterapii\" \/>\n<meta property=\"article:modified_time\" content=\"2023-12-23T20:25:08+00:00\" \/>\n<meta name=\"twitter:card\" content=\"summary_large_image\" \/>\n<meta name=\"twitter:label1\" content=\"Szacowany czas czytania\" \/>\n\t<meta name=\"twitter:data1\" content=\"2 minuty\" \/>\n<script type=\"application\/ld+json\" class=\"yoast-schema-graph\">{\"@context\":\"https:\\\/\\\/schema.org\",\"@graph\":[{\"@type\":\"WebPage\",\"@id\":\"https:\\\/\\\/polskaszkolaaromaterapii.pl\\\/index.php\\\/program-partnerski\\\/\",\"url\":\"https:\\\/\\\/polskaszkolaaromaterapii.pl\\\/index.php\\\/program-partnerski\\\/\",\"name\":\"Program partnerski - Polska Szko\u0142a Aromaterapii\",\"isPartOf\":{\"@id\":\"https:\\\/\\\/polskaszkolaaromaterapii.pl\\\/#website\"},\"datePublished\":\"2023-12-23T19:45:06+00:00\",\"dateModified\":\"2023-12-23T20:25:08+00:00\",\"breadcrumb\":{\"@id\":\"https:\\\/\\\/polskaszkolaaromaterapii.pl\\\/index.php\\\/program-partnerski\\\/#breadcrumb\"},\"inLanguage\":\"pl-PL\",\"potentialAction\":[{\"@type\":\"ReadAction\",\"target\":[\"https:\\\/\\\/polskaszkolaaromaterapii.pl\\\/index.php\\\/program-partnerski\\\/\"]}]},{\"@type\":\"BreadcrumbList\",\"@id\":\"https:\\\/\\\/polskaszkolaaromaterapii.pl\\\/index.php\\\/program-partnerski\\\/#breadcrumb\",\"itemListElement\":[{\"@type\":\"ListItem\",\"position\":1,\"name\":\"Strona g\u0142\u00f3wna\",\"item\":\"https:\\\/\\\/polskaszkolaaromaterapii.pl\\\/\"},{\"@type\":\"ListItem\",\"position\":2,\"name\":\"Program partnerski\"}]},{\"@type\":\"WebSite\",\"@id\":\"https:\\\/\\\/polskaszkolaaromaterapii.pl\\\/#website\",\"url\":\"https:\\\/\\\/polskaszkolaaromaterapii.pl\\\/\",\"name\":\"Polska Szko\u0142a Aromaterapii\",\"description\":\"Sztuka Aromaterapii\",\"publisher\":{\"@id\":\"https:\\\/\\\/polskaszkolaaromaterapii.pl\\\/#organization\"},\"potentialAction\":[{\"@type\":\"SearchAction\",\"target\":{\"@type\":\"EntryPoint\",\"urlTemplate\":\"https:\\\/\\\/polskaszkolaaromaterapii.pl\\\/?s={search_term_string}\"},\"query-input\":{\"@type\":\"PropertyValueSpecification\",\"valueRequired\":true,\"valueName\":\"search_term_string\"}}],\"inLanguage\":\"pl-PL\"},{\"@type\":\"Organization\",\"@id\":\"https:\\\/\\\/polskaszkolaaromaterapii.pl\\\/#organization\",\"name\":\"Polska Szko\u0142a Aromaterapii\",\"url\":\"https:\\\/\\\/polskaszkolaaromaterapii.pl\\\/\",\"logo\":{\"@type\":\"ImageObject\",\"inLanguage\":\"pl-PL\",\"@id\":\"https:\\\/\\\/polskaszkolaaromaterapii.pl\\\/#\\\/schema\\\/logo\\\/image\\\/\",\"url\":\"https:\\\/\\\/polskaszkolaaromaterapii.pl\\\/wp-content\\\/uploads\\\/2023\\\/11\\\/cropped-PARS-logo-1000x500-1.png\",\"contentUrl\":\"https:\\\/\\\/polskaszkolaaromaterapii.pl\\\/wp-content\\\/uploads\\\/2023\\\/11\\\/cropped-PARS-logo-1000x500-1.png\",\"width\":501,\"height\":500,\"caption\":\"Polska Szko\u0142a Aromaterapii\"},\"image\":{\"@id\":\"https:\\\/\\\/polskaszkolaaromaterapii.pl\\\/#\\\/schema\\\/logo\\\/image\\\/\"}}]}<\/script>\n<!-- \/ Yoast SEO plugin. -->","yoast_head_json":{"title":"Program partnerski - Polska Szko\u0142a Aromaterapii","robots":{"index":"index","follow":"follow","max-snippet":"max-snippet:-1","max-image-preview":"max-image-preview:large","max-video-preview":"max-video-preview:-1"},"canonical":"https:\/\/polskaszkolaaromaterapii.pl\/index.php\/program-partnerski\/","og_locale":"pl_PL","og_type":"article","og_title":"Program partnerski - Polska Szko\u0142a Aromaterapii","og_description":"Kupujesz &#8211; Zyskujesz &#8211; Wspierasz Zarabiaj wi\u0119cej dzi\u0119ki programowi afiliacyjnemu B2B! Czy marzysz o tym, aby zarobi\u0107 pieni\u0105dze nawet bez [&hellip;]","og_url":"https:\/\/polskaszkolaaromaterapii.pl\/index.php\/program-partnerski\/","og_site_name":"Polska Szko\u0142a Aromaterapii","article_modified_time":"2023-12-23T20:25:08+00:00","twitter_card":"summary_large_image","twitter_misc":{"Szacowany czas czytania":"2 minuty"},"schema":{"@context":"https:\/\/schema.org","@graph":[{"@type":"WebPage","@id":"https:\/\/polskaszkolaaromaterapii.pl\/index.php\/program-partnerski\/","url":"https:\/\/polskaszkolaaromaterapii.pl\/index.php\/program-partnerski\/","name":"Program partnerski - Polska Szko\u0142a Aromaterapii","isPartOf":{"@id":"https:\/\/polskaszkolaaromaterapii.pl\/#website"},"datePublished":"2023-12-23T19:45:06+00:00","dateModified":"2023-12-23T20:25:08+00:00","breadcrumb":{"@id":"https:\/\/polskaszkolaaromaterapii.pl\/index.php\/program-partnerski\/#breadcrumb"},"inLanguage":"pl-PL","potentialAction":[{"@type":"ReadAction","target":["https:\/\/polskaszkolaaromaterapii.pl\/index.php\/program-partnerski\/"]}]},{"@type":"BreadcrumbList","@id":"https:\/\/polskaszkolaaromaterapii.pl\/index.php\/program-partnerski\/#breadcrumb","itemListElement":[{"@type":"ListItem","position":1,"name":"Strona g\u0142\u00f3wna","item":"https:\/\/polskaszkolaaromaterapii.pl\/"},{"@type":"ListItem","position":2,"name":"Program partnerski"}]},{"@type":"WebSite","@id":"https:\/\/polskaszkolaaromaterapii.pl\/#website","url":"https:\/\/polskaszkolaaromaterapii.pl\/","name":"Polska Szko\u0142a Aromaterapii","description":"Sztuka Aromaterapii","publisher":{"@id":"https:\/\/polskaszkolaaromaterapii.pl\/#organization"},"potentialAction":[{"@type":"SearchAction","target":{"@type":"EntryPoint","urlTemplate":"https:\/\/polskaszkolaaromaterapii.pl\/?s={search_term_string}"},"query-input":{"@type":"PropertyValueSpecification","valueRequired":true,"valueName":"search_term_string"}}],"inLanguage":"pl-PL"},{"@type":"Organization","@id":"https:\/\/polskaszkolaaromaterapii.pl\/#organization","name":"Polska Szko\u0142a Aromaterapii","url":"https:\/\/polskaszkolaaromaterapii.pl\/","logo":{"@type":"ImageObject","inLanguage":"pl-PL","@id":"https:\/\/polskaszkolaaromaterapii.pl\/#\/schema\/logo\/image\/","url":"https:\/\/polskaszkolaaromaterapii.pl\/wp-content\/uploads\/2023\/11\/cropped-PARS-logo-1000x500-1.png","contentUrl":"https:\/\/polskaszkolaaromaterapii.pl\/wp-content\/uploads\/2023\/11\/cropped-PARS-logo-1000x500-1.png","width":501,"height":500,"caption":"Polska Szko\u0142a Aromaterapii"},"image":{"@id":"https:\/\/polskaszkolaaromaterapii.pl\/#\/schema\/logo\/image\/"}}]}},"_links":{"self":[{"href":"https:\/\/polskaszkolaaromaterapii.pl\/index.php\/wp-json\/wp\/v2\/pages\/1651","targetHints":{"allow":["GET"]}}],"collection":[{"href":"https:\/\/polskaszkolaaromaterapii.pl\/index.php\/wp-json\/wp\/v2\/pages"}],"about":[{"href":"https:\/\/polskaszkolaaromaterapii.pl\/index.php\/wp-json\/wp\/v2\/types\/page"}],"author":[{"embeddable":true,"href":"https:\/\/polskaszkolaaromaterapii.pl\/index.php\/wp-json\/wp\/v2\/users\/1"}],"replies":[{"embeddable":true,"href":"https:\/\/polskaszkolaaromaterapii.pl\/index.php\/wp-json\/wp\/v2\/comments?post=1651"}],"version-history":[{"count":4,"href":"https:\/\/polskaszkolaaromaterapii.pl\/index.php\/wp-json\/wp\/v2\/pages\/1651\/revisions"}],"predecessor-version":[{"id":1655,"href":"https:\/\/polskaszkolaaromaterapii.pl\/index.php\/wp-json\/wp\/v2\/pages\/1651\/revisions\/1655"}],"wp:attachment":[{"href":"https:\/\/polskaszkolaaromaterapii.pl\/index.php\/wp-json\/wp\/v2\/media?parent=1651"}],"curies":[{"name":"wp","href":"https:\/\/api.w.org\/{rel}","templated":true}]}}