{"id":1618,"date":"2023-12-23T18:34:11","date_gmt":"2023-12-23T18:34:11","guid":{"rendered":"https:\/\/polskaszkolaaromaterapii.pl\/?page_id=1618"},"modified":"2023-12-23T18:45:01","modified_gmt":"2023-12-23T18:45:01","slug":"polityka-prywatnosci","status":"publish","type":"page","link":"https:\/\/polskaszkolaaromaterapii.pl\/index.php\/polityka-prywatnosci\/","title":{"rendered":"Polityka prywatno\u015bci"},"content":{"rendered":"\t\t<div data-elementor-type=\"wp-page\" data-elementor-id=\"1618\" class=\"elementor elementor-1618\">\n\t\t\t\t<div class=\"elementor-element elementor-element-6cf2f57 e-flex e-con-boxed e-con e-parent\" data-id=\"6cf2f57\" data-element_type=\"container\" data-e-type=\"container\">\n\t\t\t\t\t<div class=\"e-con-inner\">\n\t\t\t\t<div class=\"elementor-element elementor-element-f67b384 elementor-widget elementor-widget-heading\" data-id=\"f67b384\" data-element_type=\"widget\" data-e-type=\"widget\" data-widget_type=\"heading.default\">\n\t\t\t\t<div class=\"elementor-widget-container\">\n\t\t\t\t\t<h2 class=\"elementor-heading-title elementor-size-default\">Klauzula informacyjna dla klient\u00f3w platformy https:\/\/polskaszkolaaromaterapii.pl<\/h2>\t\t\t\t<\/div>\n\t\t\t\t<\/div>\n\t\t\t\t\t<\/div>\n\t\t\t\t<\/div>\n\t\t<div class=\"elementor-element elementor-element-469057b e-flex e-con-boxed e-con e-parent\" data-id=\"469057b\" data-element_type=\"container\" data-e-type=\"container\">\n\t\t\t\t\t<div class=\"e-con-inner\">\n\t\t\t\t<div class=\"elementor-element elementor-element-6df46a6 elementor-drop-cap-yes elementor-drop-cap-view-default elementor-widget elementor-widget-text-editor\" data-id=\"6df46a6\" data-element_type=\"widget\" data-e-type=\"widget\" data-settings=\"{&quot;drop_cap&quot;:&quot;yes&quot;}\" data-widget_type=\"text-editor.default\">\n\t\t\t\t<div class=\"elementor-widget-container\">\n\t\t\t\t\t\t\t\t\t<p>Zgodnie z art. 13 og\u00f3lnego rozporz\u0105dzenia o ochronie danych osobowych z dnia 27 kwietnia 2016 r. (Dz. Urz. UE L 119 z 04.05.2016) zwanym dalej RODO informuj\u0119, i\u017c:<\/p><p><br \/>1) administratorem Pani\/Pana danych osobowych jest firma INIS ADVICE Agnieszka Przyby\u0142, NIP 5981318803 ;<\/p><p><br \/>2) kontakt z Inspektorem Ochrony Danych \u2013 inisadvice@gmail.com;<\/p><p><br \/>3) Pani\/Pana dane osobowe przetwarzane b\u0119d\u0105 w celu realizacji zam\u00f3wienia \u2013 na podstawie Art. 6 ust. 1 lit. b RODO \u2013 dane niezb\u0119dne do realizacji umowy oraz w celu zarz\u0105dzania sklepem na podstawie Art. 6 ust.1 lit. f \u2013 prawnie uzasadnionego interesu administratora;<\/p><p><br \/>4) odbiorcami Pani\/Pana danych osobowych b\u0119d\u0105 podmioty uczestnicz\u0105ce w realizacji zam\u00f3wienia oraz podmioty przetwarzaj\u0105ce z bran\u017cy IT;<\/p><p><br \/>5) Pani\/Pana dane osobowe przechowywane b\u0119d\u0105 przez okres wynikaj\u0105cy z aktualnej ordynacji podatkowej,<\/p><p><br \/>6) posiada Pani\/Pan prawo do \u017c\u0105dania od administratora dost\u0119pu do danych osobowych, prawo do ich sprostowania, usuni\u0119cia lub ograniczenia przetwarzania oraz prawo do przenoszenia danych oraz prawo do wniesienia sprzeciwu;<\/p><p><br \/>7) ma Pani\/Pan prawo wniesienia skargi do organu nadzorczego;<\/p><p><br \/>8) podanie danych osobowych jest dobrowolne, jednak\u017ce odmowa podania danych mo\u017ce skutkowa\u0107 odmow\u0105 realizacji zam\u00f3wienia.<\/p><p class=\"has-text-align-center\"><strong>Klauzula informacyjna<\/strong><\/p><p>Zgodnie z art. 13 og\u00f3lnego rozporz\u0105dzenia o ochronie danych osobowych z dnia 27 kwietnia 2016 r. (Dz. Urz. UE L 119 z 04.05.2016) zwanym dalej RODO informuj\u0119, i\u017c:<\/p><p><br \/>1) administratorem Pani\/Pana danych osobowych jest firma INIS ADVICE Agnieszka Przyby\u0142 NIP 5981318803;<\/p><p><br \/>2) kontakt z Inspektorem Ochrony Danych \u2013 inisadvice@gmail.com;<\/p><p><br \/>3) Pani\/Pana dane osobowe przetwarzane b\u0119d\u0105 w celu nawi\u0105zania kontaktu na podstawie Art. 6 ust. 1 lit. f RODO jako usprawiedliwionego interesu administratora;<\/p><p><br \/>4) odbiorcami Pani\/Pana danych osobowych b\u0119d\u0105 wy\u0142\u0105cznie podmioty uprawnione do uzyskania danych osobowych na podstawie przepis\u00f3w prawa;<\/p><p><br \/>5) Pani\/Pana dane osobowe przechowywane b\u0119d\u0105 przez okres 2 lat;<\/p><p><br \/>6) posiada Pani\/Pan prawo do \u017c\u0105dania od administratora dost\u0119pu do danych osobowych, prawo do ich sprostowania usuni\u0119cia lub ograniczenia przetwarzania;<\/p><p><br \/>7) ma Pani\/Pan prawo wniesienia skargi do organu nadzorczego;<\/p><p><br \/>8) podanie danych osobowych jest dobrowolne, jednak\u017ce niepodanie danych mo\u017ce skutkowa\u0107 niemo\u017cliwo\u015bci\u0105 nawi\u0105zania kontaktu.<\/p><p class=\"has-text-align-center\"><strong>Klauzula zgody na do\u0142\u0105czenie do bazy marketingowej<\/strong><\/p><p>Zgodnie z art. 13 og\u00f3lnego rozporz\u0105dzenia o ochronie danych osobowych z dnia 27 kwietnia 2016 r. (Dz. Urz. UE L 119 z 04.05.2016) zwanym dalej RODO informuj\u0119, i\u017c:<\/p><p><br \/>1) administratorem Pani\/Pana danych osobowych jest firma INIS ADVICE Agnieszka Przyby\u0142 NIP 5981318803;<\/p><p><br \/>2) kontakt z Inspektorem Ochrony Danych \u2013 inisadvice@gmail.com;<\/p><p><br \/>3) Pani\/Pana dane osobowe przetwarzane b\u0119d\u0105 w celach marketingowych na podstawie Art. 6 ust. 1 lit. a RODO \u2013 zgoda osoby;<\/p><p><br \/>4) Pani\/Pana dane osobowe przechowywane b\u0119d\u0105 do momentu odwo\u0142ania zgody. Zgoda mo\u017ce by\u0107 odwo\u0142ana w ka\u017cdym momencie;<\/p><p><br \/>5) odbiorcami Pani\/Pana danych osobowych b\u0119d\u0105 wy\u0142\u0105cznie podmioty uprawnione do uzyskania danych osobowych na podstawie przepis\u00f3w prawa oraz podmioty realizuj\u0105ce us\u0142ug\u0119 mass mailingu;<\/p><p><br \/>6) posiada Pani\/Pan prawo do \u017c\u0105dania od administratora dost\u0119pu do danych osobowych, prawo do ich sprostowania usuni\u0119cia lub ograniczenia przetwarzania, prawo do cofni\u0119cia zgody oraz prawo do przenoszenia danych;<\/p><p><br \/>7) ma Pani\/Pan prawo wniesienia skargi do organu nadzorczego;<\/p><p><br \/>8) Pani\/Pana dane b\u0119d\u0105 przetwarzane w spos\u00f3b zautomatyzowany w tym r\u00f3wnie\u017c w formie profilowania.<\/p><p>Zautomatyzowane podejmowanie decyzji b\u0119dzie odbywa\u0142o si\u0119 na zasadach okre\u015blonych w regulaminie (opcje: subskrypcji, konkursu itp.) a konsekwencj\u0105 takiego przetwarzania b\u0119dzie otrzymywanie wyselekcjonowanej informacji marketingowej<\/p><p><br \/>9) podanie danych osobowych jest dobrowolne, jednak\u017ce niepodanie danych mo\u017ce skutkowa\u0107 niemo\u017cliwo\u015bci\u0105 uczestnictwa w w jednej z ni\u017cej wymienionych aktywno\u015bci: subskrypcji newslettera, uczestnictwa w konkursach, otrzymywania ofert marketingowych, udzia\u0142u w ankietach.<\/p><p>Jednocze\u015bnie zgodnie z art.6 ust.1 lit. a og\u00f3lnego rozporz\u0105dzenia o ochronie danych osobowych z dnia 27 kwietnia 2016 r. wyra\u017cam zgod\u0119 na przetwarzanie moich danych osobowych w jednym z cel\u00f3w: subskrypcji newslettera, uczestnictwa w konkursach, otrzymywania ofert marketingowych, udzia\u0142u w ankietach. zakup\u00f3w w e-sklepie<\/p>\t\t\t\t\t\t\t\t<\/div>\n\t\t\t\t<\/div>\n\t\t\t\t\t<\/div>\n\t\t\t\t<\/div>\n\t\t\t\t<\/div>\n\t\t","protected":false},"excerpt":{"rendered":"<p>Klauzula informacyjna dla klient\u00f3w platformy https:\/\/polskaszkolaaromaterapii.pl Zgodnie z art. 13 og\u00f3lnego rozporz\u0105dzenia o ochronie danych osobowych z dnia 27 kwietnia [&hellip;]<\/p>\n","protected":false},"author":1,"featured_media":0,"parent":0,"menu_order":0,"comment_status":"closed","ping_status":"closed","template":"","meta":{"footnotes":""},"class_list":["post-1618","page","type-page","status-publish","hentry"],"yoast_head":"<!-- This site is optimized with the Yoast SEO plugin v27.4 - https:\/\/yoast.com\/product\/yoast-seo-wordpress\/ -->\n<title>Polityka prywatno\u015bci - Polska Szko\u0142a Aromaterapii<\/title>\n<meta name=\"robots\" content=\"index, follow, max-snippet:-1, max-image-preview:large, max-video-preview:-1\" \/>\n<link rel=\"canonical\" href=\"https:\/\/polskaszkolaaromaterapii.pl\/index.php\/polityka-prywatnosci\/\" \/>\n<meta property=\"og:locale\" content=\"pl_PL\" \/>\n<meta property=\"og:type\" content=\"article\" \/>\n<meta property=\"og:title\" content=\"Polityka prywatno\u015bci - Polska Szko\u0142a Aromaterapii\" \/>\n<meta property=\"og:description\" content=\"Klauzula informacyjna dla klient\u00f3w platformy https:\/\/polskaszkolaaromaterapii.pl Zgodnie z art. 13 og\u00f3lnego rozporz\u0105dzenia o ochronie danych osobowych z dnia 27 kwietnia [&hellip;]\" \/>\n<meta property=\"og:url\" content=\"https:\/\/polskaszkolaaromaterapii.pl\/index.php\/polityka-prywatnosci\/\" \/>\n<meta property=\"og:site_name\" content=\"Polska Szko\u0142a Aromaterapii\" \/>\n<meta property=\"article:modified_time\" content=\"2023-12-23T18:45:01+00:00\" \/>\n<meta name=\"twitter:card\" content=\"summary_large_image\" \/>\n<meta name=\"twitter:label1\" content=\"Szacowany czas czytania\" \/>\n\t<meta name=\"twitter:data1\" content=\"4 minuty\" \/>\n<script type=\"application\/ld+json\" class=\"yoast-schema-graph\">{\"@context\":\"https:\\\/\\\/schema.org\",\"@graph\":[{\"@type\":\"WebPage\",\"@id\":\"https:\\\/\\\/polskaszkolaaromaterapii.pl\\\/index.php\\\/polityka-prywatnosci\\\/\",\"url\":\"https:\\\/\\\/polskaszkolaaromaterapii.pl\\\/index.php\\\/polityka-prywatnosci\\\/\",\"name\":\"Polityka prywatno\u015bci - Polska Szko\u0142a Aromaterapii\",\"isPartOf\":{\"@id\":\"https:\\\/\\\/polskaszkolaaromaterapii.pl\\\/#website\"},\"datePublished\":\"2023-12-23T18:34:11+00:00\",\"dateModified\":\"2023-12-23T18:45:01+00:00\",\"breadcrumb\":{\"@id\":\"https:\\\/\\\/polskaszkolaaromaterapii.pl\\\/index.php\\\/polityka-prywatnosci\\\/#breadcrumb\"},\"inLanguage\":\"pl-PL\",\"potentialAction\":[{\"@type\":\"ReadAction\",\"target\":[\"https:\\\/\\\/polskaszkolaaromaterapii.pl\\\/index.php\\\/polityka-prywatnosci\\\/\"]}]},{\"@type\":\"BreadcrumbList\",\"@id\":\"https:\\\/\\\/polskaszkolaaromaterapii.pl\\\/index.php\\\/polityka-prywatnosci\\\/#breadcrumb\",\"itemListElement\":[{\"@type\":\"ListItem\",\"position\":1,\"name\":\"Strona g\u0142\u00f3wna\",\"item\":\"https:\\\/\\\/polskaszkolaaromaterapii.pl\\\/\"},{\"@type\":\"ListItem\",\"position\":2,\"name\":\"Polityka prywatno\u015bci\"}]},{\"@type\":\"WebSite\",\"@id\":\"https:\\\/\\\/polskaszkolaaromaterapii.pl\\\/#website\",\"url\":\"https:\\\/\\\/polskaszkolaaromaterapii.pl\\\/\",\"name\":\"Polska Szko\u0142a Aromaterapii\",\"description\":\"Sztuka Aromaterapii\",\"publisher\":{\"@id\":\"https:\\\/\\\/polskaszkolaaromaterapii.pl\\\/#organization\"},\"potentialAction\":[{\"@type\":\"SearchAction\",\"target\":{\"@type\":\"EntryPoint\",\"urlTemplate\":\"https:\\\/\\\/polskaszkolaaromaterapii.pl\\\/?s={search_term_string}\"},\"query-input\":{\"@type\":\"PropertyValueSpecification\",\"valueRequired\":true,\"valueName\":\"search_term_string\"}}],\"inLanguage\":\"pl-PL\"},{\"@type\":\"Organization\",\"@id\":\"https:\\\/\\\/polskaszkolaaromaterapii.pl\\\/#organization\",\"name\":\"Polska Szko\u0142a Aromaterapii\",\"url\":\"https:\\\/\\\/polskaszkolaaromaterapii.pl\\\/\",\"logo\":{\"@type\":\"ImageObject\",\"inLanguage\":\"pl-PL\",\"@id\":\"https:\\\/\\\/polskaszkolaaromaterapii.pl\\\/#\\\/schema\\\/logo\\\/image\\\/\",\"url\":\"https:\\\/\\\/polskaszkolaaromaterapii.pl\\\/wp-content\\\/uploads\\\/2023\\\/11\\\/cropped-PARS-logo-1000x500-1.png\",\"contentUrl\":\"https:\\\/\\\/polskaszkolaaromaterapii.pl\\\/wp-content\\\/uploads\\\/2023\\\/11\\\/cropped-PARS-logo-1000x500-1.png\",\"width\":501,\"height\":500,\"caption\":\"Polska Szko\u0142a Aromaterapii\"},\"image\":{\"@id\":\"https:\\\/\\\/polskaszkolaaromaterapii.pl\\\/#\\\/schema\\\/logo\\\/image\\\/\"}}]}<\/script>\n<!-- \/ Yoast SEO plugin. -->","yoast_head_json":{"title":"Polityka prywatno\u015bci - Polska Szko\u0142a Aromaterapii","robots":{"index":"index","follow":"follow","max-snippet":"max-snippet:-1","max-image-preview":"max-image-preview:large","max-video-preview":"max-video-preview:-1"},"canonical":"https:\/\/polskaszkolaaromaterapii.pl\/index.php\/polityka-prywatnosci\/","og_locale":"pl_PL","og_type":"article","og_title":"Polityka prywatno\u015bci - Polska Szko\u0142a Aromaterapii","og_description":"Klauzula informacyjna dla klient\u00f3w platformy https:\/\/polskaszkolaaromaterapii.pl Zgodnie z art. 13 og\u00f3lnego rozporz\u0105dzenia o ochronie danych osobowych z dnia 27 kwietnia [&hellip;]","og_url":"https:\/\/polskaszkolaaromaterapii.pl\/index.php\/polityka-prywatnosci\/","og_site_name":"Polska Szko\u0142a Aromaterapii","article_modified_time":"2023-12-23T18:45:01+00:00","twitter_card":"summary_large_image","twitter_misc":{"Szacowany czas czytania":"4 minuty"},"schema":{"@context":"https:\/\/schema.org","@graph":[{"@type":"WebPage","@id":"https:\/\/polskaszkolaaromaterapii.pl\/index.php\/polityka-prywatnosci\/","url":"https:\/\/polskaszkolaaromaterapii.pl\/index.php\/polityka-prywatnosci\/","name":"Polityka prywatno\u015bci - Polska Szko\u0142a Aromaterapii","isPartOf":{"@id":"https:\/\/polskaszkolaaromaterapii.pl\/#website"},"datePublished":"2023-12-23T18:34:11+00:00","dateModified":"2023-12-23T18:45:01+00:00","breadcrumb":{"@id":"https:\/\/polskaszkolaaromaterapii.pl\/index.php\/polityka-prywatnosci\/#breadcrumb"},"inLanguage":"pl-PL","potentialAction":[{"@type":"ReadAction","target":["https:\/\/polskaszkolaaromaterapii.pl\/index.php\/polityka-prywatnosci\/"]}]},{"@type":"BreadcrumbList","@id":"https:\/\/polskaszkolaaromaterapii.pl\/index.php\/polityka-prywatnosci\/#breadcrumb","itemListElement":[{"@type":"ListItem","position":1,"name":"Strona g\u0142\u00f3wna","item":"https:\/\/polskaszkolaaromaterapii.pl\/"},{"@type":"ListItem","position":2,"name":"Polityka prywatno\u015bci"}]},{"@type":"WebSite","@id":"https:\/\/polskaszkolaaromaterapii.pl\/#website","url":"https:\/\/polskaszkolaaromaterapii.pl\/","name":"Polska Szko\u0142a Aromaterapii","description":"Sztuka Aromaterapii","publisher":{"@id":"https:\/\/polskaszkolaaromaterapii.pl\/#organization"},"potentialAction":[{"@type":"SearchAction","target":{"@type":"EntryPoint","urlTemplate":"https:\/\/polskaszkolaaromaterapii.pl\/?s={search_term_string}"},"query-input":{"@type":"PropertyValueSpecification","valueRequired":true,"valueName":"search_term_string"}}],"inLanguage":"pl-PL"},{"@type":"Organization","@id":"https:\/\/polskaszkolaaromaterapii.pl\/#organization","name":"Polska Szko\u0142a Aromaterapii","url":"https:\/\/polskaszkolaaromaterapii.pl\/","logo":{"@type":"ImageObject","inLanguage":"pl-PL","@id":"https:\/\/polskaszkolaaromaterapii.pl\/#\/schema\/logo\/image\/","url":"https:\/\/polskaszkolaaromaterapii.pl\/wp-content\/uploads\/2023\/11\/cropped-PARS-logo-1000x500-1.png","contentUrl":"https:\/\/polskaszkolaaromaterapii.pl\/wp-content\/uploads\/2023\/11\/cropped-PARS-logo-1000x500-1.png","width":501,"height":500,"caption":"Polska Szko\u0142a Aromaterapii"},"image":{"@id":"https:\/\/polskaszkolaaromaterapii.pl\/#\/schema\/logo\/image\/"}}]}},"_links":{"self":[{"href":"https:\/\/polskaszkolaaromaterapii.pl\/index.php\/wp-json\/wp\/v2\/pages\/1618","targetHints":{"allow":["GET"]}}],"collection":[{"href":"https:\/\/polskaszkolaaromaterapii.pl\/index.php\/wp-json\/wp\/v2\/pages"}],"about":[{"href":"https:\/\/polskaszkolaaromaterapii.pl\/index.php\/wp-json\/wp\/v2\/types\/page"}],"author":[{"embeddable":true,"href":"https:\/\/polskaszkolaaromaterapii.pl\/index.php\/wp-json\/wp\/v2\/users\/1"}],"replies":[{"embeddable":true,"href":"https:\/\/polskaszkolaaromaterapii.pl\/index.php\/wp-json\/wp\/v2\/comments?post=1618"}],"version-history":[{"count":6,"href":"https:\/\/polskaszkolaaromaterapii.pl\/index.php\/wp-json\/wp\/v2\/pages\/1618\/revisions"}],"predecessor-version":[{"id":1624,"href":"https:\/\/polskaszkolaaromaterapii.pl\/index.php\/wp-json\/wp\/v2\/pages\/1618\/revisions\/1624"}],"wp:attachment":[{"href":"https:\/\/polskaszkolaaromaterapii.pl\/index.php\/wp-json\/wp\/v2\/media?parent=1618"}],"curies":[{"name":"wp","href":"https:\/\/api.w.org\/{rel}","templated":true}]}}